{"id":229462,"date":"2023-08-31T14:10:19","date_gmt":"2023-08-31T17:10:19","guid":{"rendered":"http:\/\/santacasabh.org.br\/licitacoes\/?page_id=229462"},"modified":"2024-05-23T18:37:17","modified_gmt":"2024-05-23T21:37:17","slug":"licitacoes-encerradas-2022","status":"publish","type":"page","link":"https:\/\/santacasabh.org.br\/licitacoes\/licitacoes-encerradas-2022\/","title":{"rendered":"Licita\u00e7\u00f5es Encerradas &#8211; 2022"},"content":{"rendered":"<p>[et_pb_section fb_built=&#8221;1&#8243; fullwidth=&#8221;on&#8221; _builder_version=&#8221;4.21.0&#8243; _module_preset=&#8221;default&#8221; background_enable_color=&#8221;off&#8221; background_image=&#8221;https:\/\/santacasabh.org.br\/licitacoes\/wp-content\/uploads\/2023\/05\/banner-licitacoes-1.jpg&#8221; background_position=&#8221;bottom_right&#8221; filter_blur=&#8221;-2px&#8221; locked=&#8221;off&#8221; global_colors_info=&#8221;{}&#8221;][et_pb_fullwidth_header _builder_version=&#8221;4.22.1&#8243; _module_preset=&#8221;default&#8221; title_font=&#8221;Open Sans|700|||||||&#8221; title_font_size=&#8221;50px&#8221; title_line_height=&#8221;1.3em&#8221; content_font=&#8221;Open Sans|700|||||||&#8221; content_font_size=&#8221;48px&#8221; content_line_height=&#8221;1.5em&#8221; background_enable_color=&#8221;off&#8221; background_enable_image=&#8221;off&#8221; min_height=&#8221;400px&#8221; title_font_size_tablet=&#8221;50px&#8221; title_font_size_phone=&#8221;30px&#8221; title_font_size_last_edited=&#8221;on|desktop&#8221; content_font_size_tablet=&#8221;&#8221; content_font_size_phone=&#8221;28px&#8221; content_font_size_last_edited=&#8221;on|desktop&#8221; background_image_phone=&#8221;https:\/\/santacasabh.org.br\/licitacoes\/hospital100sus\/wp-content\/uploads\/2023\/05\/especialidades-mobile.jpg&#8221; background_enable_image_phone=&#8221;on&#8221; custom_css_main_element=&#8221;display: flex!important;||align-items:center!important;&#8221; custom_css_content=&#8221;display: flex;||align-items: center;&#8221; global_colors_info=&#8221;{}&#8221; title_text_phone=&#8221;especialidades-mobile&#8221;]<\/p>\n<h1>Licita\u00e7\u00f5es Encerradas &#8211; 2022<\/h1>\n<p>[\/et_pb_fullwidth_header][et_pb_fullwidth_menu menu_id=&#8221;27&#8243; menu_style=&#8221;centered&#8221; fullwidth_menu=&#8221;on&#8221; dropdown_menu_active_link_color=&#8221;#000000&#8243; _builder_version=&#8221;4.22.1&#8243; _module_preset=&#8221;default&#8221; menu_font=&#8221;Highgate_Trial_Bd|||on||||#E02B20|&#8221; menu_text_color=&#8221;#ff0032&#8243; menu_font_size=&#8221;18px&#8221; custom_padding=&#8221;8px||8px||true|false&#8221; hover_enabled=&#8221;0&#8243; global_colors_info=&#8221;{}&#8221; global_module=&#8221;229572&#8243; theme_builder_area=&#8221;post_content&#8221; sticky_enabled=&#8221;0&#8243;][\/et_pb_fullwidth_menu][\/et_pb_section][et_pb_section fb_built=&#8221;1&#8243; _builder_version=&#8221;4.21.0&#8243; _module_preset=&#8221;default&#8221; locked=&#8221;off&#8221; global_colors_info=&#8221;{}&#8221;][et_pb_row _builder_version=&#8221;4.21.0&#8243; _module_preset=&#8221;default&#8221; global_colors_info=&#8221;{}&#8221;][et_pb_column type=&#8221;4_4&#8243; _builder_version=&#8221;4.21.0&#8243; _module_preset=&#8221;default&#8221; global_colors_info=&#8221;{}&#8221;][et_pb_accordion open_toggle_text_color=&#8221;#5e5e5e&#8221; open_toggle_background_color=&#8221;#eeeeee&#8221; closed_toggle_text_color=&#8221;#5e5e5e&#8221; closed_toggle_background_color=&#8221;#eeeeee&#8221; icon_color=&#8221;#5e5e5e&#8221; use_icon_font_size=&#8221;on&#8221; icon_font_size=&#8221;22px&#8221; _builder_version=&#8221;4.22.1&#8243; _module_preset=&#8221;default&#8221; toggle_text_color=&#8221;#5e5e5e&#8221; toggle_level=&#8221;h4&#8243; toggle_font=&#8221;Open Sans|600|||||||&#8221; toggle_font_size=&#8221;15px&#8221; toggle_line_height=&#8221;1.3em&#8221; closed_toggle_font=&#8221;Open Sans|600|||||||&#8221; closed_toggle_font_size=&#8221;15px&#8221; closed_toggle_line_height=&#8221;1.1em&#8221; body_font=&#8221;Open Sans||||||||&#8221; body_font_size=&#8221;14px&#8221; body_line_height=&#8221;1.5em&#8221; body_link_text_color=&#8221;#ff0032&#8243; custom_css_toggle=&#8221;margin-bottom: 20px!important;&#8221; custom_css_toggle_content=&#8221;padding: 18px;||background-color: white;&#8221; global_colors_info=&#8221;{}&#8221;][et_pb_accordion_item title=&#8221;Cota\u00e7\u00e3o Pr\u00e9via de Pre\u00e7os n\u00b0 019\/2022 &#8211; Aquisi\u00e7\u00e3o de Equipamento M\u00e9dico &#8211; Sistema de Nasolaringoscopia&#8221; open=&#8221;on&#8221; _builder_version=&#8221;4.22.1&#8243; _module_preset=&#8221;default&#8221; global_colors_info=&#8221;{}&#8221;]<\/p>\n<p><a href=\"https:\/\/santacasabh.org.br\/licitacoes\/wp-content\/uploads\/2023\/08\/Edital-019-2022-Sist.-de-Nasolaringoscopia.pdf\" rel=\"attachment wp-att-229494\">Edital 019-2022 Sist. de Nasolaringoscopia<\/a><\/p>\n<p><a href=\"https:\/\/santacasabh.org.br\/licitacoes\/wp-content\/uploads\/2023\/08\/Ata-de-Julgamento-CPP-019-2022-Sist.-de-Nasolaringoscopia.pdf\" rel=\"attachment wp-att-229495\">Ata de Julgamento CPP 019-2022 Sist. de Nasolaringoscopia<\/a><\/p>\n<p><a href=\"https:\/\/santacasabh.org.br\/licitacoes\/wp-content\/uploads\/2023\/08\/Termo-de-Homologacao-CPP-019-2022-Sist.-de-Nasolaringoscopia.pdf\" rel=\"attachment wp-att-229496\">Termo de Homologa\u00e7\u00e3o CPP 019-2022 &#8211; Sist. de Nasolaringoscopia<\/a><\/p>\n<p>[\/et_pb_accordion_item][et_pb_accordion_item title=&#8221;Cota\u00e7\u00e3o Pr\u00e9via de Pre\u00e7os n\u00b0 016\/2022 &#8211; Aquisi\u00e7\u00e3o de Equipamento M\u00e9dico &#8211; L\u00e2mpada de Fenda&#8221; _builder_version=&#8221;4.22.1&#8243; _module_preset=&#8221;default&#8221; global_colors_info=&#8221;{}&#8221; open=&#8221;off&#8221;]<\/p>\n<p><a href=\"https:\/\/santacasabh.org.br\/licitacoes\/wp-content\/uploads\/2023\/08\/Edital-016-2022-Lampada-de-Fenda.pdf\" rel=\"attachment wp-att-229499\">Edital 016-2022 L\u00e2mpada de Fenda<\/a><\/p>\n<p><a href=\"https:\/\/santacasabh.org.br\/licitacoes\/wp-content\/uploads\/2023\/08\/Ata-de-Julgamento-CPP-016-2022-Lampada-de-Fenda.pdf\" rel=\"attachment wp-att-229500\">Ata de Julgamento CPP 016-2022 L\u00e2mpada de Fenda<\/a><\/p>\n<p><a href=\"https:\/\/santacasabh.org.br\/licitacoes\/wp-content\/uploads\/2023\/08\/Termo-de-Homologacao-CPP-016-2022-Lampada-de-Fenda.pdf\" rel=\"attachment wp-att-229501\">Termo de Homologa\u00e7\u00e3o CPP 016-2022 &#8211; L\u00e2mpada de Fenda<\/a><\/p>\n<p>[\/et_pb_accordion_item][et_pb_accordion_item title=&#8221;Cota\u00e7\u00e3o Pr\u00e9via de Pre\u00e7os n\u00ba 014\/2022 \u2013 Aquisi\u00e7\u00e3o de Equipamento M\u00e9dico &#8211; Ton\u00f4metro&#8221; _builder_version=&#8221;4.22.1&#8243; _module_preset=&#8221;default&#8221; global_colors_info=&#8221;{}&#8221; open=&#8221;off&#8221;]<\/p>\n<p><a href=\"https:\/\/santacasabh.org.br\/licitacoes\/wp-content\/uploads\/2023\/08\/Edital-014-2022-Tonometro.pdf\" rel=\"attachment wp-att-229509\">Edital 014-2022 Ton\u00f4metro<\/a><\/p>\n<p><a href=\"https:\/\/santacasabh.org.br\/licitacoes\/wp-content\/uploads\/2023\/08\/Ata-de-Julgamento-CPP-014-2022-Tonometro.pdf\" rel=\"attachment wp-att-229508\">Ata de Julgamento CPP 014-2022 Ton\u00f4metro<\/a> <a href=\"https:\/\/santacasabh.org.br\/licitacoes\/wp-content\/uploads\/2023\/08\/Termo-de-Homologacao-CPP-014-2022-Tonometro.pdf\" rel=\"attachment wp-att-229507\"><\/a><\/p>\n<p><a href=\"https:\/\/santacasabh.org.br\/licitacoes\/wp-content\/uploads\/2023\/08\/Termo-de-Homologacao-CPP-014-2022-Tonometro.pdf\" rel=\"attachment wp-att-229507\">Termo de Homologa\u00e7\u00e3o CPP 014-2022 &#8211; Ton\u00f4metro<\/a><\/p>\n<p>[\/et_pb_accordion_item][et_pb_accordion_item title=&#8221;Cota\u00e7\u00e3o Pr\u00e9via de Pre\u00e7os n\u00ba 013\/2022 \u2013 Aquisi\u00e7\u00e3o de Equipamento M\u00e9dico &#8211; Oftalmosc\u00f3pio Binocular Indireto&#8221; _builder_version=&#8221;4.22.1&#8243; _module_preset=&#8221;default&#8221; global_colors_info=&#8221;{}&#8221; open=&#8221;off&#8221;]<\/p>\n<p><a href=\"https:\/\/santacasabh.org.br\/licitacoes\/wp-content\/uploads\/2023\/08\/Ata-de-Julgamento-CPP-013-2022-Oftalmoscopio-Binocular.pdf\" rel=\"attachment wp-att-229511\">Ata de Julgamento CPP 013-2022 &#8211; Oftalmosc\u00f3pio Binocular<\/a><\/p>\n<p><a href=\"https:\/\/santacasabh.org.br\/licitacoes\/wp-content\/uploads\/2023\/08\/Termo-de-Homologacao-CPP-013-2022-Oftalmoscopio-Binocular.pdf\" rel=\"attachment wp-att-229510\">Termo de Homologa\u00e7\u00e3o CPP 013-2022 &#8211; Oftalmoscopio Binocular<\/a><\/p>\n<p>[\/et_pb_accordion_item][et_pb_accordion_item title=&#8221;Cota\u00e7\u00e3o Pr\u00e9via de Pre\u00e7os n\u00ba 012\/2022 \u2013 Aquisi\u00e7\u00e3o de Equipamento M\u00e9dico &#8211; Sistema de Anestesia com Monitor Multipar\u00e2metro&#8221; _builder_version=&#8221;4.22.1&#8243; _module_preset=&#8221;default&#8221; global_colors_info=&#8221;{}&#8221; open=&#8221;off&#8221;]<\/p>\n<p><a href=\"https:\/\/santacasabh.org.br\/licitacoes\/wp-content\/uploads\/2023\/08\/Edital-012-2022-Sistema-de-Anestesia-com-Monitor-Multiparametro.pdf\" rel=\"attachment wp-att-229514\">Edital 012-2022 Sistema de Anestesia com Monitor Multipar\u00e2metro<\/a><\/p>\n<p><a href=\"https:\/\/santacasabh.org.br\/licitacoes\/wp-content\/uploads\/2023\/08\/Ata-de-Julgamento-CPP-012-2022-Sist.-Anestesia-com-Monitor-Multiparatmetro.pdf\" rel=\"attachment wp-att-229513\">Ata de Julgamento CPP 012-2022 &#8211; Sist. Anestesia com Monitor Multipar\u00e2tmetro<\/a><\/p>\n<p><a href=\"https:\/\/santacasabh.org.br\/licitacoes\/wp-content\/uploads\/2023\/08\/Termo-de-Homologacao-CPP-012-2022-Sist.-Anestesia-com-Monitor-Multiparatmetro.pdf\" rel=\"attachment wp-att-229512\">Termo de Homologa\u00e7\u00e3o CPP 012-2022 &#8211; Sist. Anestesia com Monitor Multipar\u00e2tmetro<\/a><\/p>\n<p>[\/et_pb_accordion_item][et_pb_accordion_item title=&#8221;Cota\u00e7\u00e3o Pr\u00e9via de Pre\u00e7os n\u00ba 011\/2022 \u2013 Aquisi\u00e7\u00e3o de Equipamento M\u00e9dico &#8211; Sistema de Nasolaringoscopia&#8221; _builder_version=&#8221;4.22.1&#8243; _module_preset=&#8221;default&#8221; global_colors_info=&#8221;{}&#8221; open=&#8221;off&#8221;]<\/p>\n<p><a href=\"https:\/\/santacasabh.org.br\/licitacoes\/wp-content\/uploads\/2023\/08\/Edital-011-2022-Sist.-de-Nasolaringoscopia.pdf\" rel=\"attachment wp-att-229517\">Edital 011-2022 Sist. de Nasolaringoscopia<\/a><\/p>\n<p><a href=\"https:\/\/santacasabh.org.br\/licitacoes\/wp-content\/uploads\/2023\/08\/Ata-de-Julgamento-CPP-011-2022-Sist.-de-Nasolarringoscopia.pdf\" rel=\"attachment wp-att-229516\">Ata de Julgamento CPP 011-2022 Sist. de Nasolarringoscopia<\/a><\/p>\n<p><a href=\"https:\/\/santacasabh.org.br\/licitacoes\/wp-content\/uploads\/2023\/08\/Termo-de-Homologacao-CPP-011-2022-Sist.-de-Nasolaringoscopia.pdf\" rel=\"attachment wp-att-229515\">Termo de Homologa\u00e7\u00e3o CPP 011-2022 Sist. de Nasolaringoscopia<\/a><\/p>\n<p>[\/et_pb_accordion_item][et_pb_accordion_item title=&#8221;Cota\u00e7\u00e3o Pr\u00e9via de Pre\u00e7os n\u00ba 010\/2022 \u2013 Aquisi\u00e7\u00e3o de Equipamento M\u00e9dico &#8211; Aspirador de Secre\u00e7\u00e3o&#8221; _builder_version=&#8221;4.22.1&#8243; _module_preset=&#8221;default&#8221; global_colors_info=&#8221;{}&#8221; open=&#8221;off&#8221;]<\/p>\n<p><a href=\"https:\/\/santacasabh.org.br\/licitacoes\/wp-content\/uploads\/2023\/08\/Edital-CPP-010-2022-Aspirador-de-Secrecao.pdf\" rel=\"attachment wp-att-229524\">Edital CPP 010-2022 &#8211; Aspirador de Secre\u00e7\u00e3o<\/a><\/p>\n<p><a href=\"https:\/\/santacasabh.org.br\/licitacoes\/wp-content\/uploads\/2023\/08\/Ata-de-Julgamento-CPP-010-2022-Aspirador-de-Secrecao.pdf\" rel=\"attachment wp-att-229523\">Ata de Julgamento CPP 010-2022 &#8211; Aspirador de Secre\u00e7\u00e3o<\/a> <a href=\"https:\/\/santacasabh.org.br\/licitacoes\/wp-content\/uploads\/2023\/08\/Termo-de-Homologacao-CPP-010-2022-Aspirador-de-Secrecao.pdf\" rel=\"attachment wp-att-229522\"><\/a><\/p>\n<p><a href=\"https:\/\/santacasabh.org.br\/licitacoes\/wp-content\/uploads\/2023\/08\/Termo-de-Homologacao-CPP-010-2022-Aspirador-de-Secrecao.pdf\" rel=\"attachment wp-att-229522\">Termo de Homologa\u00e7\u00e3o CPP 010-2022 &#8211; Aspirador de Secre\u00e7\u00e3o<\/a><\/p>\n<p>[\/et_pb_accordion_item][et_pb_accordion_item title=&#8221;Cota\u00e7\u00e3o Pr\u00e9via de Pre\u00e7os n\u00ba 009\/2022 \u2013 Aquisi\u00e7\u00e3o de Equipamento M\u00e9dico &#8211; Incubadora Estacion\u00e1ria&#8221; _builder_version=&#8221;4.22.1&#8243; _module_preset=&#8221;default&#8221; global_colors_info=&#8221;{}&#8221; open=&#8221;off&#8221;]<\/p>\n<p><a href=\"https:\/\/santacasabh.org.br\/licitacoes\/wp-content\/uploads\/2023\/08\/Edital-CPP-009-2022-Incubadora-Estacionaria.pdf\" rel=\"attachment wp-att-229531\">Edital CPP 009-2022 &#8211; Incubadora Estacion\u00e1ria<\/a><\/p>\n<p><a href=\"https:\/\/santacasabh.org.br\/licitacoes\/wp-content\/uploads\/2023\/08\/Ata-de-Julgamento-CPP-009-2022-Incubadora-Estacionaria.pdf\" rel=\"attachment wp-att-229530\">Ata de Julgamento CPP 009-2022 &#8211; Incubadora Estacion\u00e1ria<\/a><\/p>\n<p><a href=\"https:\/\/santacasabh.org.br\/licitacoes\/wp-content\/uploads\/2023\/08\/Termo-de-Homologacao-CPP-009-2022-Incubadora-Estacionaria.pdf\" rel=\"attachment wp-att-229529\">Termo de Homologa\u00e7\u00e3o CPP 009-2022 &#8211; Incubadora Estacion\u00e1ria<\/a><\/p>\n<p>[\/et_pb_accordion_item][et_pb_accordion_item title=&#8221;Cota\u00e7\u00e3o Pr\u00e9via de Pre\u00e7os n\u00ba 008\/2022 \u2013 Aquisi\u00e7\u00e3o de Equipamento M\u00e9dico &#8211; Banho Maria (Histol\u00f3gico) e Placa Refrigerada&#8221; _builder_version=&#8221;4.22.1&#8243; _module_preset=&#8221;default&#8221; global_colors_info=&#8221;{}&#8221; open=&#8221;off&#8221;]<\/p>\n<p><a href=\"https:\/\/santacasabh.org.br\/licitacoes\/wp-content\/uploads\/2023\/08\/Edital-CPP-008-2022-BANHO-MARIA-HISTOLOGICO-E-PLACA-REFRIGERADA.pdf\" rel=\"attachment wp-att-229534\">Edital CPP 008-2022 &#8211; BANHO MARIA (HISTOL\u00d3GICO) E PLACA REFRIGERADA<\/a><\/p>\n<p><a href=\"https:\/\/santacasabh.org.br\/licitacoes\/wp-content\/uploads\/2023\/08\/Ata-de-Julgamento-CPP-008-2022-Banho-Maria-Histologico-e-Placa-Refrigerada.pdf\" rel=\"attachment wp-att-229533\">Ata de Julgamento CPP 008-2022 Banho Maria (Histol\u00f3gico) e Placa Refrigerada<\/a><\/p>\n<p><a href=\"https:\/\/santacasabh.org.br\/licitacoes\/wp-content\/uploads\/2023\/08\/Termo-de-Homologacao-CPP-008-2022-Banho-Maria-Histologico-e-Placa-Refrigerada.pdf\" rel=\"attachment wp-att-229532\">Termo de Homologa\u00e7\u00e3o CPP 008-2022 Banho Maria (Histol\u00f3gico) e Placa Refrigerada<\/a><\/p>\n<p>[\/et_pb_accordion_item][et_pb_accordion_item title=&#8221;Cota\u00e7\u00e3o Pr\u00e9via de Pre\u00e7os n\u00ba 006\/2022 \u2013 Aquisi\u00e7\u00e3o de Equipamento M\u00e9dico &#8211; Unidade de Cuidados Intensivos&#8221; _builder_version=&#8221;4.22.1&#8243; _module_preset=&#8221;default&#8221; global_colors_info=&#8221;{}&#8221; open=&#8221;off&#8221;]<\/p>\n<p><a href=\"https:\/\/santacasabh.org.br\/licitacoes\/wp-content\/uploads\/2023\/08\/Edital-CPP-006-2022-UNIDADE-DE-CUIDADOS-INTENSIVOS.pdf\" rel=\"attachment wp-att-229537\">Edital CPP 006-2022 &#8211; UNIDADE DE CUIDADOS INTENSIVOS<\/a><\/p>\n<p><a href=\"https:\/\/santacasabh.org.br\/licitacoes\/wp-content\/uploads\/2023\/08\/Ata-de-Julgamento-CPP-006-2022.pdf\" rel=\"attachment wp-att-229536\">Ata de Julgamento CPP 006-2022<\/a><\/p>\n<p><a href=\"https:\/\/santacasabh.org.br\/licitacoes\/wp-content\/uploads\/2023\/08\/Termo-de-Homologacao-CPP-006-2022-Unidade-de-Cuidados-Intensivos.pdf\" rel=\"attachment wp-att-229535\">Termo de Homologa\u00e7\u00e3o CPP 006-2022 &#8211; Unidade de Cuidados Intensivos<\/a><\/p>\n<p>[\/et_pb_accordion_item][et_pb_accordion_item title=&#8221;Processo de Concorr\u00eancia N\u00b0 001\/2022 &#8211; Cess\u00e3o Definitiva de Direitos de Posse de Im\u00f3vel a T\u00edtulo Oneroso&#8221; _builder_version=&#8221;4.22.1&#8243; _module_preset=&#8221;default&#8221; global_colors_info=&#8221;{}&#8221; open=&#8221;off&#8221;]<a href=\"https:\/\/santacasabh.org.br\/licitacoes\/wp-content\/uploads\/2023\/08\/PROCESSO-DE-CONCORRENCIA-N\u00b0-0012022-CESSAO-DEFINITIVA-DE-DIREITOS-DE-POSSE-DE-IMOVEL-A-TITULO-ONEROSO.pdf\" rel=\"attachment wp-att-229559\">PROCESSO DE CONCORR\u00caNCIA N\u00b0 0012022 &#8211; CESS\u00c3O DEFINITIVA DE DIREITOS DE POSSE DE IM\u00d3VEL A T\u00cdTULO ONEROSO<\/a><\/p>\n<p><a href=\"https:\/\/santacasabh.org.br\/licitacoes\/wp-content\/uploads\/2023\/08\/Processo-de-Concorrencia-n\u00b0001-2022-cessao-defin.-direitos-de-posse-de-imovel-a-titulo-oneroso-1.pdf\" rel=\"attachment wp-att-229558\">Prorroga\u00e7\u00e3o de Prazos<\/a><\/p>\n<p><a href=\"https:\/\/santacasabh.org.br\/licitacoes\/wp-content\/uploads\/2023\/08\/Processo-de-Concorrencia-n\u00b0001-2022-cessao-defin.-direitos-de-posse-de-imovel-a-titulo-oneroso-2-1.pdf\" rel=\"attachment wp-att-229557\">Resultado do Processo<\/a>[\/et_pb_accordion_item][et_pb_accordion_item title=&#8221;Cota\u00e7\u00e3o Pr\u00e9via de Pre\u00e7os n\u00ba 005\/2022 \u2013 Aquisi\u00e7\u00e3o de Equipamento M\u00e9dico &#8211; Centr\u00edfuga e Citocentr\u00edfuga&#8221; _builder_version=&#8221;4.22.1&#8243; _module_preset=&#8221;default&#8221; global_colors_info=&#8221;{}&#8221; open=&#8221;off&#8221;]<\/p>\n<p><a href=\"https:\/\/santacasabh.org.br\/licitacoes\/wp-content\/uploads\/2023\/08\/Edital-005-2022-Centrifuga-e-Citocentrifuga.pdf\" rel=\"attachment wp-att-229540\">Edital 005-2022 Centr\u00edfuga e Citocentr\u00edfuga<\/a><\/p>\n<p><a href=\"https:\/\/santacasabh.org.br\/licitacoes\/wp-content\/uploads\/2023\/08\/Ata-de-Julgamento-CPP-005-2022-Centrifuga-e-Citocentrifuga.pdf\" rel=\"attachment wp-att-229539\">Ata de Julgamento CPP 005-2022 &#8211; Centr\u00edfuga e Citocentr\u00edfuga<\/a><\/p>\n<p><a href=\"https:\/\/santacasabh.org.br\/licitacoes\/wp-content\/uploads\/2023\/08\/Termo-de-Homologacao-CPP-005-2022-Centrifuga-e-Citocentrifuga.pdf\" rel=\"attachment wp-att-229538\">Termo de Homologa\u00e7\u00e3o CPP 005-2022 Centr\u00edfuga e Citocentr\u00edfuga<\/a><\/p>\n<p>[\/et_pb_accordion_item][et_pb_accordion_item title=&#8221;Cota\u00e7\u00e3o Pr\u00e9via de Pre\u00e7os n\u00ba 004\/2022 \u2013 Aquisi\u00e7\u00e3o de Equipamento M\u00e9dico &#8211; Refrator de greens&#8221; _builder_version=&#8221;4.22.1&#8243; _module_preset=&#8221;default&#8221; global_colors_info=&#8221;{}&#8221; open=&#8221;off&#8221;]<\/p>\n<p><a href=\"https:\/\/santacasabh.org.br\/licitacoes\/wp-content\/uploads\/2023\/08\/Edital-004-2022-Refrator-de-greens.pdf\" rel=\"attachment wp-att-229543\">Edital 004-2022 Refrator de greens<\/a><\/p>\n<p><a href=\"https:\/\/santacasabh.org.br\/licitacoes\/wp-content\/uploads\/2023\/08\/Ata-de-Julgamento-CPP-004-2022.pdf\" rel=\"attachment wp-att-229542\">Ata de Julgamento CPP 004-2022<\/a><\/p>\n<p><a href=\"https:\/\/santacasabh.org.br\/licitacoes\/wp-content\/uploads\/2023\/08\/Termo-de-Homologacao-CPP-004-2022.pdf\" rel=\"attachment wp-att-229541\">Termo de Homologa\u00e7\u00e3o CPP 004-2022<\/a><\/p>\n<p>[\/et_pb_accordion_item][et_pb_accordion_item title=&#8221;Cota\u00e7\u00e3o Pr\u00e9via de Pre\u00e7os n\u00ba 003\/2022 \u2013 Aquisi\u00e7\u00e3o de Equipamento M\u00e9dico &#8211; Refrator de greens&#8221; _builder_version=&#8221;4.22.1&#8243; _module_preset=&#8221;default&#8221; global_colors_info=&#8221;{}&#8221; open=&#8221;off&#8221;]<\/p>\n<p><a href=\"https:\/\/santacasabh.org.br\/licitacoes\/wp-content\/uploads\/2023\/08\/Edital-003-2022-Refrator-de-greens.pdf\" rel=\"attachment wp-att-229548\">Edital 003-2022 Refrator de greens<\/a><\/p>\n<p><a href=\"https:\/\/santacasabh.org.br\/licitacoes\/wp-content\/uploads\/2023\/08\/Ata-de-Julgamento-CPP-003-2022.pdf\" rel=\"attachment wp-att-229547\">Ata de Julgamento CPP 003-2022<\/a><\/p>\n<p><a href=\"https:\/\/santacasabh.org.br\/licitacoes\/wp-content\/uploads\/2023\/08\/Termo-de-Homologacao-CPP-003-2022.pdf\" rel=\"attachment wp-att-229546\">Termo de Homologa\u00e7\u00e3o CPP 003-2022<\/a><\/p>\n<p>[\/et_pb_accordion_item][et_pb_accordion_item title=&#8221;Cota\u00e7\u00e3o Pr\u00e9via de Pre\u00e7os n\u00ba 002\/2022 \u2013 Aquisi\u00e7\u00e3o de Equipamento M\u00e9dico &#8211; Sistema de anestesia com monitor multipar\u00e2metro&#8221; _builder_version=&#8221;4.22.1&#8243; _module_preset=&#8221;default&#8221; global_colors_info=&#8221;{}&#8221; open=&#8221;off&#8221;]<\/p>\n<p><a href=\"https:\/\/santacasabh.org.br\/licitacoes\/wp-content\/uploads\/2023\/08\/Edital-002-2022-Sist.-anestesia.pdf\" rel=\"attachment wp-att-229553\">Edital 002-2022 Sist. anestesia<\/a><\/p>\n<p><a href=\"https:\/\/santacasabh.org.br\/licitacoes\/wp-content\/uploads\/2023\/08\/Ata-de-Julgamento-002-2022-Sist.-anestesia.pdf\" rel=\"attachment wp-att-229552\">Ata de Julgamento 002-2022 Sist. anestesia<\/a><\/p>\n<p><a href=\"https:\/\/santacasabh.org.br\/licitacoes\/wp-content\/uploads\/2023\/08\/Termo-de-Homologacao-002-2022-Sis.-anestesia.pdf\" rel=\"attachment wp-att-229551\">Termo de Homologa\u00e7\u00e3o 002-2022 Sis. anestesia<\/a><\/p>\n<p>[\/et_pb_accordion_item][et_pb_accordion_item title=&#8221;Cota\u00e7\u00e3o Pr\u00e9via de Pre\u00e7os n\u00ba 001\/2022 \u2013 Aquisi\u00e7\u00e3o de Equipamento M\u00e9dico &#8211; Sistema de anestesia com monitor multipar\u00e2metro&#8221; _builder_version=&#8221;4.22.1&#8243; _module_preset=&#8221;default&#8221; global_colors_info=&#8221;{}&#8221; open=&#8221;off&#8221;]<\/p>\n<p><a href=\"https:\/\/santacasabh.org.br\/licitacoes\/wp-content\/uploads\/2023\/08\/Edital-001-2022-Sist.-anestesia.pdf\" rel=\"attachment wp-att-229556\">Edital 001-2022 Sist. anestesia<\/a><\/p>\n<p><a href=\"https:\/\/santacasabh.org.br\/licitacoes\/wp-content\/uploads\/2023\/08\/Ata-de-Julgamento-CPP-001-2022.pdf\" rel=\"attachment wp-att-229555\">Ata de Julgamento CPP 001-2022<\/a><\/p>\n<p><a href=\"https:\/\/santacasabh.org.br\/licitacoes\/wp-content\/uploads\/2023\/08\/Termo-de-Homologacao-CPP-001-2022.pdf\" rel=\"attachment wp-att-229554\">Termo de Homologa\u00e7\u00e3o CPP 001-2022<\/a><\/p>\n<p>[\/et_pb_accordion_item][\/et_pb_accordion][\/et_pb_column][\/et_pb_row][\/et_pb_section]<\/p>\n","protected":false},"excerpt":{"rendered":"<p>Licita\u00e7\u00f5es Encerradas &#8211; 2022Edital 019-2022 Sist. de Nasolaringoscopia Ata de Julgamento CPP 019-2022 Sist. de Nasolaringoscopia Termo de Homologa\u00e7\u00e3o CPP 019-2022 &#8211; Sist. de NasolaringoscopiaEdital 016-2022 L\u00e2mpada de Fenda Ata de Julgamento CPP 016-2022 L\u00e2mpada de Fenda Termo de Homologa\u00e7\u00e3o CPP 016-2022 &#8211; L\u00e2mpada de FendaEdital 014-2022 Ton\u00f4metro Ata de Julgamento CPP 014-2022 Ton\u00f4metro Termo [&hellip;]<\/p>\n","protected":false},"author":4,"featured_media":0,"parent":0,"menu_order":0,"comment_status":"closed","ping_status":"closed","template":"","meta":{"_et_pb_use_builder":"on","_et_pb_old_content":"","_et_gb_content_width":"","_lmt_disableupdate":"no","_lmt_disable":"","footnotes":""},"class_list":["post-229462","page","type-page","status-publish","hentry"],"_links":{"self":[{"href":"https:\/\/santacasabh.org.br\/licitacoes\/wp-json\/wp\/v2\/pages\/229462","targetHints":{"allow":["GET"]}}],"collection":[{"href":"https:\/\/santacasabh.org.br\/licitacoes\/wp-json\/wp\/v2\/pages"}],"about":[{"href":"https:\/\/santacasabh.org.br\/licitacoes\/wp-json\/wp\/v2\/types\/page"}],"author":[{"embeddable":true,"href":"https:\/\/santacasabh.org.br\/licitacoes\/wp-json\/wp\/v2\/users\/4"}],"replies":[{"embeddable":true,"href":"https:\/\/santacasabh.org.br\/licitacoes\/wp-json\/wp\/v2\/comments?post=229462"}],"version-history":[{"count":36,"href":"https:\/\/santacasabh.org.br\/licitacoes\/wp-json\/wp\/v2\/pages\/229462\/revisions"}],"predecessor-version":[{"id":229575,"href":"https:\/\/santacasabh.org.br\/licitacoes\/wp-json\/wp\/v2\/pages\/229462\/revisions\/229575"}],"wp:attachment":[{"href":"https:\/\/santacasabh.org.br\/licitacoes\/wp-json\/wp\/v2\/media?parent=229462"}],"curies":[{"name":"wp","href":"https:\/\/api.w.org\/{rel}","templated":true}]}}