{"id":231473,"date":"2024-01-12T06:16:26","date_gmt":"2024-01-12T09:16:26","guid":{"rendered":"http:\/\/santacasabh.org.br\/licitacoes\/?page_id=231473"},"modified":"2024-07-17T16:04:40","modified_gmt":"2024-07-17T19:04:40","slug":"licitacoes-encerradas-2023","status":"publish","type":"page","link":"https:\/\/santacasabh.org.br\/licitacoes\/licitacoes-encerradas-2023\/","title":{"rendered":"Licita\u00e7\u00f5es Encerradas \u2013 2023"},"content":{"rendered":"<p>[et_pb_section fb_built=&#8221;1&#8243; fullwidth=&#8221;on&#8221; _builder_version=&#8221;4.21.0&#8243; _module_preset=&#8221;default&#8221; background_enable_color=&#8221;off&#8221; background_image=&#8221;https:\/\/santacasabh.org.br\/licitacoes\/wp-content\/uploads\/2023\/05\/banner-licitacoes-1.jpg&#8221; background_position=&#8221;bottom_right&#8221; filter_blur=&#8221;-2px&#8221; locked=&#8221;off&#8221; global_colors_info=&#8221;{}&#8221;][et_pb_fullwidth_header _builder_version=&#8221;4.21.0&#8243; _module_preset=&#8221;default&#8221; title_font=&#8221;Open Sans|700|||||||&#8221; title_font_size=&#8221;50px&#8221; title_line_height=&#8221;1.3em&#8221; content_font=&#8221;Open Sans|700|||||||&#8221; content_font_size=&#8221;48px&#8221; content_line_height=&#8221;1.5em&#8221; background_enable_color=&#8221;off&#8221; background_enable_image=&#8221;off&#8221; min_height=&#8221;400px&#8221; title_font_size_tablet=&#8221;50px&#8221; title_font_size_phone=&#8221;30px&#8221; title_font_size_last_edited=&#8221;on|desktop&#8221; content_font_size_tablet=&#8221;&#8221; content_font_size_phone=&#8221;28px&#8221; content_font_size_last_edited=&#8221;on|desktop&#8221; background_image_phone=&#8221;https:\/\/santacasabh.org.br\/licitacoes\/hospital100sus\/wp-content\/uploads\/2023\/05\/especialidades-mobile.jpg&#8221; background_enable_image_phone=&#8221;on&#8221; custom_css_main_element=&#8221;display: flex!important;||align-items:center!important;&#8221; custom_css_content=&#8221;display: flex;||align-items: center;&#8221; global_colors_info=&#8221;{}&#8221; title_text_phone=&#8221;especialidades-mobile&#8221;]<\/p>\n<h1>Licita\u00e7\u00f5es encerradas &#8211; 2023<\/h1>\n<p>[\/et_pb_fullwidth_header][et_pb_fullwidth_menu menu_id=&#8221;27&#8243; submenu_direction=&#8221;downwards&#8221; fullwidth_menu=&#8221;off&#8221; dropdown_menu_active_link_color=&#8221;#000000&#8243; _builder_version=&#8221;4.22.1&#8243; _module_preset=&#8221;default&#8221; menu_font=&#8221;Highgate_Trial_Bd|||on||||#E02B20|&#8221; menu_text_color=&#8221;#ff0032&#8243; menu_font_size=&#8221;16px&#8221; text_orientation=&#8221;center&#8221; custom_padding=&#8221;8px||8px||true|false&#8221; custom_css_menu_link=&#8221;padding: 0 0 11px;&#8221; custom_css_active_menu_link=&#8221;padding: 0 0 11px;&#8221; global_module=&#8221;229572&#8243; saved_tabs=&#8221;all&#8221; global_colors_info=&#8221;{}&#8221;][\/et_pb_fullwidth_menu][\/et_pb_section][et_pb_section fb_built=&#8221;1&#8243; _builder_version=&#8221;4.21.0&#8243; _module_preset=&#8221;default&#8221; global_colors_info=&#8221;{}&#8221;][et_pb_row _builder_version=&#8221;4.21.0&#8243; _module_preset=&#8221;default&#8221; global_colors_info=&#8221;{}&#8221;][et_pb_column type=&#8221;4_4&#8243; _builder_version=&#8221;4.21.0&#8243; _module_preset=&#8221;default&#8221; global_colors_info=&#8221;{}&#8221;][et_pb_accordion open_toggle_text_color=&#8221;#5e5e5e&#8221; open_toggle_background_color=&#8221;#eeeeee&#8221; closed_toggle_text_color=&#8221;#5e5e5e&#8221; closed_toggle_background_color=&#8221;#eeeeee&#8221; icon_color=&#8221;#5e5e5e&#8221; use_icon_font_size=&#8221;on&#8221; icon_font_size=&#8221;22px&#8221; _builder_version=&#8221;4.26.1&#8243; _module_preset=&#8221;default&#8221; toggle_text_color=&#8221;#5e5e5e&#8221; toggle_level=&#8221;h4&#8243; toggle_font=&#8221;Open Sans|600|||||||&#8221; toggle_font_size=&#8221;16px&#8221; toggle_line_height=&#8221;1.3em&#8221; closed_toggle_font=&#8221;Open Sans|600|||||||&#8221; closed_toggle_line_height=&#8221;1.3em&#8221; body_font=&#8221;Open Sans||||||||&#8221; body_font_size=&#8221;14px&#8221; body_line_height=&#8221;1.5em&#8221; body_link_text_color=&#8221;#ff0032&#8243; hover_enabled=&#8221;0&#8243; custom_css_toggle=&#8221;margin-bottom: 20px!important;&#8221; custom_css_toggle_content=&#8221;padding: 18px;||background-color: white;&#8221; global_colors_info=&#8221;{}&#8221; sticky_enabled=&#8221;0&#8243;][et_pb_accordion_item title=&#8221;Cota\u00e7\u00e3o Pr\u00e9via de Pre\u00e7os n\u00b0 029\/2023 &#8211; Sistema de Anestesia com Monitor Multipar\u00e2metro&#8221; _builder_version=&#8221;4.23&#8243; _module_preset=&#8221;default&#8221; global_colors_info=&#8221;{}&#8221; open=&#8221;off&#8221;]<\/p>\n<p><a href=\"https:\/\/santacasabh.org.br\/licitacoes\/wp-content\/uploads\/2023\/08\/Edital-029-2023-Sist-de-Anestesia-com-Monitor-Mult.pdf\" rel=\"attachment wp-att-229436\">Edital 029-2023 Sist de Anestesia com Monitor Multipar\u00e2metro<\/a><a href=\"https:\/\/santacasabh.org.br\/licitacoes\/wp-content\/uploads\/2023\/08\/Edital-028-2023-Torniquete-Eletronico.pdf\" rel=\"attachment wp-att-229435\"><\/a><a href=\"https:\/\/santacasabh.org.br\/licitacoes\/wp-content\/uploads\/2023\/08\/Edital-CPP-026-2023-Balao-Intraortico.pdf\" rel=\"attachment wp-att-229433\"><\/a><\/p>\n<p><a href=\"https:\/\/santacasabh.org.br\/licitacoes\/wp-content\/uploads\/2023\/10\/Ata-de-Julgamento-CPP-029-2023.pdf\" rel=\"attachment wp-att-230722\">Ata de Julgamento CPP 029-2023<\/a><\/p>\n<p><a href=\"https:\/\/santacasabh.org.br\/licitacoes\/wp-content\/uploads\/2023\/10\/Termo-de-Homologacao-CPP-029-2023.pdf\" rel=\"attachment wp-att-230876\">Termo de Homologa\u00e7\u00e3o CPP 029-2023<\/a><\/p>\n<p>[\/et_pb_accordion_item][et_pb_accordion_item title=&#8221;Cota\u00e7\u00e3o Pr\u00e9via de Pre\u00e7os n\u00b0 026\/2023 &#8211; Aquisi\u00e7\u00e3o de Equipamento M\u00e9dico &#8211; Equipamento para Bal\u00e3o Intraortico&#8221; _builder_version=&#8221;4.23&#8243; _module_preset=&#8221;default&#8221; global_colors_info=&#8221;{}&#8221; open=&#8221;off&#8221;]<\/p>\n<p><a href=\"https:\/\/santacasabh.org.br\/licitacoes\/wp-content\/uploads\/2023\/08\/Edital-CPP-026-2023-Balao-Intraortico.pdf\" rel=\"attachment wp-att-229433\">Edital CPP 026 &#8211; 2023 Bal\u00e3o Intraortico<\/a><\/p>\n<p><a href=\"https:\/\/santacasabh.org.br\/licitacoes\/wp-content\/uploads\/2023\/10\/Ata-de-Julgamento-CPP-026-2023.pdf\" rel=\"attachment wp-att-230723\">Ata de Julgamento CPP 026-2023<\/a><\/p>\n<p><a href=\"https:\/\/santacasabh.org.br\/licitacoes\/wp-content\/uploads\/2023\/10\/Termo-de-Homologacao-CPP-026-2023.pdf\" rel=\"attachment wp-att-230877\">Termo de Homologa\u00e7\u00e3o CPP 026-2023<\/a><\/p>\n<p>[\/et_pb_accordion_item][et_pb_accordion_item title=&#8221;Cota\u00e7\u00e3o Pr\u00e9via de Pre\u00e7os n\u00b0 023\/2023 &#8211; Aquisi\u00e7\u00e3o de Equipamento M\u00e9dico &#8211; L\u00e2mpada de Fenda Port\u00e1til&#8221; _builder_version=&#8221;4.23&#8243; _module_preset=&#8221;default&#8221; global_colors_info=&#8221;{}&#8221; open=&#8221;off&#8221;]<\/p>\n<p><a href=\"https:\/\/santacasabh.org.br\/licitacoes\/wp-content\/uploads\/2023\/07\/Edital-CPP-023-2023-Lampada-de-Fenda-Portatil-Manifesto.pdf\" rel=\"attachment wp-att-229086\">Edital CPP 023 &#8211; 2023 L\u00e2mpada de Fenda Port\u00e1til &#8211; Manifesto<\/a><a href=\"https:\/\/santacasabh.org.br\/licitacoes\/wp-content\/uploads\/2023\/07\/Edital-CPP-022-2023-Balao-Intraortico-Manifesto.pdf\" rel=\"attachment wp-att-229085\"><\/a><\/p>\n<p><a href=\"https:\/\/santacasabh.org.br\/licitacoes\/wp-content\/uploads\/2023\/10\/Ata-de-Julgamento-CPP-023-2023.pdf\" rel=\"attachment wp-att-230735\">Ata de Julgamento CPP 023-2023<\/a><\/p>\n<p><a href=\"https:\/\/santacasabh.org.br\/licitacoes\/wp-content\/uploads\/2023\/10\/Termo-de-Homologacao-CPP-023-2023.pdf\" rel=\"attachment wp-att-230878\">Termo de Homologa\u00e7\u00e3o CPP 023-2023<\/a><\/p>\n<p>[\/et_pb_accordion_item][et_pb_accordion_item title=&#8221;Cota\u00e7\u00e3o Pr\u00e9via de Pre\u00e7os n\u00b0 021\/2023 &#8211; Aquisi\u00e7\u00e3o de Equipamento M\u00e9dico &#8211; Monitor Mult. para Resson\u00e2ncia Magn\u00e9tica&#8221; _builder_version=&#8221;4.23&#8243; _module_preset=&#8221;default&#8221; global_colors_info=&#8221;{}&#8221; open=&#8221;off&#8221;]<\/p>\n<p><a href=\"https:\/\/santacasabh.org.br\/licitacoes\/wp-content\/uploads\/2023\/07\/Edital-CPP-021-2023-Monitor-Mult.-para-Ressonancia-Magnetica-1.pdf\" rel=\"attachment wp-att-229094\">Edital CPP 021 &#8211; 2023 Monitor Mult. para Resson\u00e2ncia Magn\u00e9tica<\/a><\/p>\n<p><a href=\"https:\/\/santacasabh.org.br\/licitacoes\/wp-content\/uploads\/2023\/10\/Ata-de-Julgamento-CPP-021-2023.pdf\" rel=\"attachment wp-att-230736\">Ata de Julgamento CPP 021-2023<\/a><\/p>\n<p><a href=\"https:\/\/santacasabh.org.br\/licitacoes\/wp-content\/uploads\/2023\/10\/Termo-de-Homologacao-CPP-021-2023.pdf\" rel=\"attachment wp-att-230879\">Termo de Homologa\u00e7\u00e3o CPP 021-2023<\/a><\/p>\n<p>[\/et_pb_accordion_item][et_pb_accordion_item title=&#8221;Cota\u00e7\u00e3o Pr\u00e9via de Pre\u00e7os n\u00b0 019\/2023 &#8211; Aquisi\u00e7\u00e3o de Equipamento M\u00e9dico &#8211; Aspirador de Secre\u00e7\u00e3o&#8221; _builder_version=&#8221;4.23&#8243; _module_preset=&#8221;default&#8221; global_colors_info=&#8221;{}&#8221; open=&#8221;off&#8221;]<\/p>\n<p><a href=\"https:\/\/santacasabh.org.br\/licitacoes\/wp-content\/uploads\/2023\/07\/Edital-CPP-019-2023-Aspirador-de-Secrecao.pdf\" rel=\"attachment wp-att-229083\">Edital CPP 019-2023 &#8211; Aspirador de Secre\u00e7\u00e3o<\/a><a href=\"https:\/\/santacasabh.org.br\/licitacoes\/wp-content\/uploads\/2023\/07\/Edital-CPP-018-2023-Tonometro.pdf\" rel=\"attachment wp-att-229082\"><\/a><\/p>\n<p><a href=\"https:\/\/santacasabh.org.br\/licitacoes\/wp-content\/uploads\/2023\/10\/Ata-de-Julgamento-CPP-019-2023.pdf\" rel=\"attachment wp-att-230731\">Ata de Julgamento CPP 019-2023<\/a><\/p>\n<p><a href=\"https:\/\/santacasabh.org.br\/licitacoes\/wp-content\/uploads\/2023\/10\/Termo-de-Homologacao-CPP-019-2023.pdf\" rel=\"attachment wp-att-230881\">Termo de Homologa\u00e7\u00e3o CPP 019-2023<\/a><\/p>\n<p>[\/et_pb_accordion_item][et_pb_accordion_item title=&#8221;Cota\u00e7\u00e3o Pr\u00e9via de Pre\u00e7os n\u00b0 018\/2023 &#8211; Aquisi\u00e7\u00e3o de Equipamento M\u00e9dico &#8211; Ton\u00f4metro&#8221; _builder_version=&#8221;4.23&#8243; _module_preset=&#8221;default&#8221; global_colors_info=&#8221;{}&#8221; open=&#8221;off&#8221;]<\/p>\n<p><a href=\"https:\/\/santacasabh.org.br\/licitacoes\/wp-content\/uploads\/2023\/07\/Edital-CPP-018-2023-Tonometro.pdf\" rel=\"attachment wp-att-229082\">Edital CPP 018-2023 &#8211; Ton\u00f4metro<\/a><\/p>\n<p><a href=\"https:\/\/santacasabh.org.br\/licitacoes\/wp-content\/uploads\/2023\/10\/Ata-de-Julgamento-CPP-018-2023.pdf\" rel=\"attachment wp-att-230725\">Ata de Julgamento CPP 018-2023<\/a><\/p>\n<p><a href=\"https:\/\/santacasabh.org.br\/licitacoes\/wp-content\/uploads\/2023\/10\/Termo-de-Homologacao-CPP-018-2023.pdf\" rel=\"attachment wp-att-230875\">Termo de Homologa\u00e7\u00e3o CPP 018-2023<\/a><\/p>\n<p>[\/et_pb_accordion_item][et_pb_accordion_item title=&#8221;Cota\u00e7\u00e3o Pr\u00e9via de Pre\u00e7os n\u00b0 017\/2023 &#8211; Aquisi\u00e7\u00e3o de Equipamento M\u00e9dico &#8211; Refrator de Greens&#8221; _builder_version=&#8221;4.23&#8243; _module_preset=&#8221;default&#8221; global_colors_info=&#8221;{}&#8221; open=&#8221;off&#8221;]<\/p>\n<p><a href=\"https:\/\/santacasabh.org.br\/licitacoes\/wp-content\/uploads\/2023\/07\/Edital-CPP-017-2023-Refrator-de-Greens-Manifesto.pdf\" rel=\"attachment wp-att-229081\">Edital CPP 017-2023 &#8211; Refrator de Greens &#8211; Manifesto<\/a><\/p>\n<p><a href=\"https:\/\/santacasabh.org.br\/licitacoes\/wp-content\/uploads\/2023\/10\/Ata-de-Julgamento-CPP-017-2023.pdf\" rel=\"attachment wp-att-230726\">Ata de Julgamento CPP 017-2023<\/a><\/p>\n<p><a href=\"https:\/\/santacasabh.org.br\/licitacoes\/wp-content\/uploads\/2023\/10\/Termo-de-Homologacao-CPP-017-2023.pdf\" rel=\"attachment wp-att-230873\">Termo de Homologa\u00e7\u00e3o CPP 017-2023<\/a><\/p>\n<p>[\/et_pb_accordion_item][et_pb_accordion_item title=&#8221;Cota\u00e7\u00e3o Pr\u00e9via de Pre\u00e7os n\u00b0 016\/2023 &#8211; Aquisi\u00e7\u00e3o de Equipamento M\u00e9dico &#8211; L\u00e2mpada de Fenda&#8221; _builder_version=&#8221;4.23&#8243; _module_preset=&#8221;default&#8221; global_colors_info=&#8221;{}&#8221; open=&#8221;off&#8221;]<\/p>\n<p><a href=\"https:\/\/santacasabh.org.br\/licitacoes\/wp-content\/uploads\/2023\/07\/Edital-CPP-016-2023-Lampada-de-Fenda.pdf\" rel=\"attachment wp-att-229080\">Edital CPP 016-2023 &#8211; L\u00e2mpada de Fenda<\/a><a href=\"https:\/\/santacasabh.org.br\/licitacoes\/wp-content\/uploads\/2023\/07\/Edital-CPP-016-2023-Lampada-de-Fenda.pdf\" rel=\"attachment wp-att-229080\"><\/a><\/p>\n<p><a href=\"https:\/\/santacasabh.org.br\/licitacoes\/wp-content\/uploads\/2023\/10\/Ata-de-Julgamento-CPP-016-2023.pdf\" rel=\"attachment wp-att-230728\">Ata de Julgamento CPP 016-2023<\/a><\/p>\n<p><a href=\"https:\/\/santacasabh.org.br\/licitacoes\/wp-content\/uploads\/2023\/10\/Termo-de-Homologacao-CPP-016-2023.pdf\" rel=\"attachment wp-att-230872\">Termo de Homologa\u00e7\u00e3o CPP 016-2023<\/a><\/p>\n<p>[\/et_pb_accordion_item][et_pb_accordion_item title=&#8221;Cota\u00e7\u00e3o Pr\u00e9via de Pre\u00e7os n\u00b0 015\/2023 &#8211; Aquisi\u00e7\u00e3o de Equipamento M\u00e9dico &#8211; Refrator de Greens&#8221; _builder_version=&#8221;4.23&#8243; _module_preset=&#8221;default&#8221; global_colors_info=&#8221;{}&#8221; open=&#8221;off&#8221;]<\/p>\n<p><a href=\"https:\/\/santacasabh.org.br\/licitacoes\/wp-content\/uploads\/2023\/07\/Edital-CPP-015-2023-Refrator-de-Greens.pdf\" rel=\"attachment wp-att-229077\">Edital CPP 015-2023 &#8211; Refrator de Greens<\/a><\/p>\n<p><a href=\"https:\/\/santacasabh.org.br\/licitacoes\/wp-content\/uploads\/2023\/10\/Ata-de-Julgamento-CPP-015-2023.pdf\" rel=\"attachment wp-att-230729\">Ata de Julgamento CPP 015-2023<\/a><\/p>\n<p><a href=\"https:\/\/santacasabh.org.br\/licitacoes\/wp-content\/uploads\/2023\/10\/Termo-de-Homologacao-CPP-015-2023.pdf\" rel=\"attachment wp-att-230871\">Termo de Homologa\u00e7\u00e3o CPP 015-2023<\/a><\/p>\n<p>[\/et_pb_accordion_item][et_pb_accordion_item title=&#8221;Cota\u00e7\u00e3o Pr\u00e9via de Pre\u00e7os n\u00b0 006\/2023 &#8211; Aquisi\u00e7\u00e3o de Equipamento M\u00e9dico &#8211; Sistema de Anestesia com Monitor Multipar\u00e2metro&#8221; _builder_version=&#8221;4.23&#8243; _module_preset=&#8221;default&#8221; global_colors_info=&#8221;{}&#8221; open=&#8221;off&#8221;]<\/p>\n<p><a href=\"https:\/\/santacasabh.org.br\/licitacoes\/wp-content\/uploads\/2023\/06\/Edital-006-2023-Sist.-Anestesia-com-Monitor-Multiparametro.pdf\" rel=\"attachment wp-att-228627\">Cota\u00e7\u00e3o Pr\u00e9via de Pre\u00e7os n\u00b0 006\/2023 &#8211; Aquisi\u00e7\u00e3o de Equipamento M\u00e9dico &#8211; Sistema de Anestesia com Monitor Multipar\u00e2metro<\/a><\/p>\n<p><a href=\"https:\/\/santacasabh.org.br\/licitacoes\/wp-content\/uploads\/2023\/10\/Ata-de-Julgamento-CPP-006-2023.pdf\" rel=\"attachment wp-att-230742\">Ata de Julgamento CPP 006-2023<\/a><\/p>\n<p><a href=\"https:\/\/santacasabh.org.br\/licitacoes\/wp-content\/uploads\/2023\/10\/Termo-de-Homologacao-CPP-006-2023.pdf\" rel=\"attachment wp-att-230870\">Termo de Homologa\u00e7\u00e3o CPP 006-2023<\/a><\/p>\n<p>[\/et_pb_accordion_item][et_pb_accordion_item title=&#8221;Cota\u00e7\u00e3o Pr\u00e9via de Pre\u00e7os n\u00b0 005\/2023 &#8211; Aquisi\u00e7\u00e3o de Equipamento M\u00e9dico &#8211; Cardioversor com P\u00e1s Externas&#8221; _builder_version=&#8221;4.23&#8243; _module_preset=&#8221;default&#8221; global_colors_info=&#8221;{}&#8221; open=&#8221;off&#8221;]<\/p>\n<p><a href=\"https:\/\/santacasabh.org.br\/licitacoes\/wp-content\/uploads\/2023\/06\/Edital-005-2023-Cardioversor-com-Pas-Externas.pdf\" rel=\"attachment wp-att-228628\">Edital Cota\u00e7\u00e3o Pr\u00e9via de Pre\u00e7os n\u00b0 005\/2023 &#8211; Aquisi\u00e7\u00e3o de Equipamento M\u00e9dico &#8211; Cardioversor com P\u00e1s Externas<\/a><\/p>\n<p><a href=\"https:\/\/santacasabh.org.br\/licitacoes\/wp-content\/uploads\/2023\/10\/Ata-de-Julgamento-CPP-005-2023.pdf\" rel=\"attachment wp-att-230743\">Ata de Julgamento CPP 005-2023<\/a><\/p>\n<p><a href=\"https:\/\/santacasabh.org.br\/licitacoes\/wp-content\/uploads\/2023\/10\/Termo-de-Homologacao-CPP-005-2023.pdf\" rel=\"attachment wp-att-230869\">Termo de Homologa\u00e7\u00e3o CPP 005-2023<\/a><\/p>\n<p>[\/et_pb_accordion_item][et_pb_accordion_item title=&#8221;Cota\u00e7\u00e3o Pr\u00e9via de Pre\u00e7os n\u00b0 004\/2023 &#8211; Aquisi\u00e7\u00e3o de Equipamento M\u00e9dico &#8211; Cardioversor&#8221; _builder_version=&#8221;4.23&#8243; _module_preset=&#8221;default&#8221; global_colors_info=&#8221;{}&#8221; open=&#8221;off&#8221;]<\/p>\n<p><a href=\"https:\/\/santacasabh.org.br\/licitacoes\/wp-content\/uploads\/2023\/06\/Edital-004-2023-Cardioversor.pdf\" rel=\"attachment wp-att-228629\">Edital Cota\u00e7\u00e3o Pr\u00e9via de Pre\u00e7os n\u00b0 004\/2023 &#8211; Aquisi\u00e7\u00e3o de Equipamento M\u00e9dico &#8211; Cardioversor<\/a><\/p>\n<p><a href=\"https:\/\/santacasabh.org.br\/licitacoes\/wp-content\/uploads\/2023\/10\/Ata-de-Julgamento-CPP-004-2023.pdf\" rel=\"attachment wp-att-230753\">Ata de Julgamento CPP 004-2023<\/a><\/p>\n<p><a href=\"https:\/\/santacasabh.org.br\/licitacoes\/wp-content\/uploads\/2023\/10\/Termo-de-Homologacao-CPP-004-2023.pdf\" rel=\"attachment wp-att-230868\">Termo de Homologa\u00e7\u00e3o CPP 004-2023<\/a><\/p>\n<p>[\/et_pb_accordion_item][et_pb_accordion_item title=&#8221;Cota\u00e7\u00e3o Pr\u00e9via de Pre\u00e7os n\u00b0 003\/2023 &#8211; Aquisi\u00e7\u00e3o de Equipamento M\u00e9dico &#8211; Laser para Oftalmologia (Yag)&#8221; _builder_version=&#8221;4.23&#8243; _module_preset=&#8221;default&#8221; global_colors_info=&#8221;{}&#8221; open=&#8221;off&#8221;]<\/p>\n<p><a href=\"https:\/\/santacasabh.org.br\/licitacoes\/wp-content\/uploads\/2023\/06\/Edital-003-2023-Laser-YAG.pdf\" rel=\"attachment wp-att-228630\">Edital Cota\u00e7\u00e3o Pr\u00e9via de Pre\u00e7os n\u00b0 003\/2023 &#8211; Aquisi\u00e7\u00e3o de Equipamento M\u00e9dico &#8211; Laser para Oftalmologia (Yag)<\/a><\/p>\n<p><a href=\"https:\/\/santacasabh.org.br\/licitacoes\/wp-content\/uploads\/2023\/10\/Ata-de-Julgamento-CPP-003-2023.pdf\" rel=\"attachment wp-att-230752\">Ata de Julgamento CPP 003-2023<\/a><\/p>\n<p><a href=\"https:\/\/santacasabh.org.br\/licitacoes\/wp-content\/uploads\/2023\/10\/Termo-de-Homologacao-CPP-003-2023.pdf\" rel=\"attachment wp-att-230867\">Termo de Homologa\u00e7\u00e3o CPP 003-2023<\/a><\/p>\n<p>[\/et_pb_accordion_item][et_pb_accordion_item title=&#8221;Cota\u00e7\u00e3o Pr\u00e9via de Pre\u00e7os n\u00b0 002\/2023 &#8211; Aquisi\u00e7\u00e3o de Equipamento M\u00e9dico &#8211; Banho Maria (Histol\u00f3gico) e Placa Refrigerada&#8221; _builder_version=&#8221;4.21.0&#8243; _module_preset=&#8221;default&#8221; global_colors_info=&#8221;{}&#8221; open=&#8221;off&#8221;]<\/p>\n<p><a href=\"https:\/\/santacasabh.org.br\/licitacoes\/wp-content\/uploads\/2023\/06\/Edital-CPP-002-2023-BANHO-MARIA-HISTOLOGICO-E-PLACA-REFRIGERADA.pdf\" rel=\"attachment wp-att-228632\">Edital Cota\u00e7\u00e3o Pr\u00e9via de Pre\u00e7os n\u00b0 002\/2023 &#8211; Aquisi\u00e7\u00e3o de Equipamento M\u00e9dico &#8211; Banho Maria (Histol\u00f3gico) e Placa Refrigerada<\/a><\/p>\n<p>[\/et_pb_accordion_item][et_pb_accordion_item title=&#8221;Cota\u00e7\u00e3o Pr\u00e9via de Pre\u00e7os n\u00ba 021\/2021 \u2013 Aquisi\u00e7\u00e3o de Equipamento M\u00e9dico &#8211; Sistema de ultrassonografia&#8221; _builder_version=&#8221;4.22.2&#8243; _module_preset=&#8221;default&#8221; global_colors_info=&#8221;{}&#8221; open=&#8221;off&#8221;]<\/p>\n<p><a href=\"https:\/\/santacasabh.org.br\/licitacoes\/wp-content\/uploads\/2023\/06\/Edital-021-2021-Sist.-Ultrassonografia.pdf\" rel=\"attachment wp-att-228644\">Edital Cota\u00e7\u00e3o Pr\u00e9via de Pre\u00e7os n\u00ba 021\/2021 \u2013 Aquisi\u00e7\u00e3o de Equipamento M\u00e9dico &#8211; Sistema de ultrassonografia<\/a><\/p>\n<p><a href=\"https:\/\/santacasabh.org.br\/licitacoes\/wp-content\/uploads\/2023\/10\/Ata-de-Julgamento-CPP-021-2021.pdf\" rel=\"attachment wp-att-230732\">Ata de Julgamento CPP 021-2021<\/a><\/p>\n<p>[\/et_pb_accordion_item][\/et_pb_accordion][\/et_pb_column][\/et_pb_row][\/et_pb_section]<\/p>\n","protected":false},"excerpt":{"rendered":"<p>Licita\u00e7\u00f5es encerradas &#8211; 2023Edital 029-2023 Sist de Anestesia com Monitor Multipar\u00e2metro Ata de Julgamento CPP 029-2023 Termo de Homologa\u00e7\u00e3o CPP 029-2023Edital CPP 026 &#8211; 2023 Bal\u00e3o Intraortico Ata de Julgamento CPP 026-2023 Termo de Homologa\u00e7\u00e3o CPP 026-2023Edital CPP 023 &#8211; 2023 L\u00e2mpada de Fenda Port\u00e1til &#8211; Manifesto Ata de Julgamento CPP 023-2023 Termo de Homologa\u00e7\u00e3o [&hellip;]<\/p>\n","protected":false},"author":4,"featured_media":0,"parent":0,"menu_order":0,"comment_status":"closed","ping_status":"closed","template":"","meta":{"_et_pb_use_builder":"on","_et_pb_old_content":"","_et_gb_content_width":"","_lmt_disableupdate":"no","_lmt_disable":"","footnotes":""},"class_list":["post-231473","page","type-page","status-publish","hentry"],"_links":{"self":[{"href":"https:\/\/santacasabh.org.br\/licitacoes\/wp-json\/wp\/v2\/pages\/231473","targetHints":{"allow":["GET"]}}],"collection":[{"href":"https:\/\/santacasabh.org.br\/licitacoes\/wp-json\/wp\/v2\/pages"}],"about":[{"href":"https:\/\/santacasabh.org.br\/licitacoes\/wp-json\/wp\/v2\/types\/page"}],"author":[{"embeddable":true,"href":"https:\/\/santacasabh.org.br\/licitacoes\/wp-json\/wp\/v2\/users\/4"}],"replies":[{"embeddable":true,"href":"https:\/\/santacasabh.org.br\/licitacoes\/wp-json\/wp\/v2\/comments?post=231473"}],"version-history":[{"count":5,"href":"https:\/\/santacasabh.org.br\/licitacoes\/wp-json\/wp\/v2\/pages\/231473\/revisions"}],"predecessor-version":[{"id":233233,"href":"https:\/\/santacasabh.org.br\/licitacoes\/wp-json\/wp\/v2\/pages\/231473\/revisions\/233233"}],"wp:attachment":[{"href":"https:\/\/santacasabh.org.br\/licitacoes\/wp-json\/wp\/v2\/media?parent=231473"}],"curies":[{"name":"wp","href":"https:\/\/api.w.org\/{rel}","templated":true}]}}